{"id":6635,"date":"2019-05-10T14:40:15","date_gmt":"2019-05-10T14:40:15","guid":{"rendered":"http:\/\/impreza.us-themes.com\/?page_id=6635"},"modified":"2025-09-10T12:03:50","modified_gmt":"2025-09-10T12:03:50","slug":"home","status":"publish","type":"page","link":"https:\/\/arsistek.net\/ru\/","title":{"rendered":"Ana Sayfa"},"content":{"rendered":"<section class=\"l-section wpb_row height_auto width_full\"><div class=\"l-section-h i-cf\"><div class=\"g-cols vc_row via_grid cols_1 laptops-cols_inherit tablets-cols_inherit mobiles-cols_1 valign_top type_default stacking_default\"><div class=\"wpb_column vc_column_container\"><div class=\"vc_column-inner\">\n\t\t\t\t<p class=\"rs-p-wp-fix\"><\/p>\n\t\t\t\t<sr7-module data-alias=\"slider-1\" data-id=\"1\" id=\"SR7_1_1\" class=\"rs-ov-hidden\" data-version=\"6.7.35\">\n\t\t\t\t\t<sr7-adjuster><\/sr7-adjuster>\n\t\t\t\t\t<sr7-content>\n\t\t\t\t\t\t<sr7-slide id=\"SR7_1_1-4\" data-key=\"4\">\n\t\t\t\t\t\t\t<sr7-bg id=\"SR7_1_1-4-6\" class=\"sr7-layer\"><noscript><img decoding=\"async\" src=\"https:\/\/arsistek.net\/wp-content\/uploads\/2025\/09\/paketaritma.jpg\" alt=\"PAKET ARITMA\" title=\"PAKET ARITMA\"><\/noscript><\/sr7-bg>\n\t\t\t\t\t\t\t<sr7-txt id=\"SR7_1_1-4-0\" class=\"sr7-layer\">PAKET ARITMA S\u0130STEMLER\u0130<\/sr7-txt>\n\t\t\t\t\t\t\t<sr7-txt id=\"SR7_1_1-4-4\" class=\"sr7-layer\">DETAYLI B\u0130LG\u0130 <i class=\"fa-chevron-right\"><\/i><\/sr7-txt>\n\t\t\t\t\t\t\t<sr7-txt id=\"SR7_1_1-4-5\" class=\"sr7-layer\">Paket Ar\u0131tma (Evsel, Biyolojik ve Kimyasal) Tesisleri ile h\u0131zl\u0131 ve ekonomik \u00e7\u00f6z\u00fcmler sunuyoruz. Fabrikam\u0131zda, d\u0131\u015fa ba\u011fl\u0131 kalmaks\u0131z\u0131n kaliteli \u00fcretim.<\/sr7-txt>\n\t\t\t\t\t\t<\/sr7-slide>\n\t\t\t\t\t\t<sr7-slide id=\"SR7_1_1-5\" data-key=\"5\">\n\t\t\t\t\t\t\t<sr7-bg id=\"SR7_1_1-5-6\" class=\"sr7-layer\"><noscript><img decoding=\"async\" src=\"https:\/\/arsistek.net\/wp-content\/uploads\/2025\/09\/lamella.jpg\" alt=\"Lamella \u00c7\u00f6kt\u00fcrme Sistemleri\" title=\"Lamella \u00c7\u00f6kt\u00fcrme Sistemleri\"><\/noscript><\/sr7-bg>\n\t\t\t\t\t\t\t<sr7-txt id=\"SR7_1_1-5-0\" class=\"sr7-layer\">LAMELLA VE \u00c7\u00d6KT\u00dcRME<\/sr7-txt>\n\t\t\t\t\t\t\t<sr7-txt id=\"SR7_1_1-5-4\" class=\"sr7-layer\">DETAYLI B\u0130LG\u0130 <i class=\"fa-chevron-right\"><\/i><\/sr7-txt>\n\t\t\t\t\t\t\t<sr7-txt id=\"SR7_1_1-5-5\" class=\"sr7-layer\">\u0130\u00e7me Suyu ve At\u0131ksu projelerinde yer alan kar\u0131\u015ft\u0131r\u0131c\u0131lar, lamella ve \u00e7\u00f6kt\u00fcrme sistemleri \u00fcn\u00fcteleri \u00fcretimleri.<\/sr7-txt>\n\t\t\t\t\t\t<\/sr7-slide>\n\t\t\t\t\t\t<sr7-slide id=\"SR7_1_1-2\" data-key=\"2\">\n\t\t\t\t\t\t<\/sr7-slide>\n\t\t\t\t\t<\/sr7-content>\n\t\t\t\t\t<image_lists style=\"display:none\">\n\t\t\t\t\t\t<img data-src=\"\/\/arsistek.net\/wp-content\/uploads\/2025\/09\/paketaritma.jpg\" data-libid=\"9597\" data-lib=\"medialibrary\" alt=\"PAKET ARITMA\" title=\"PAKET ARITMA\" width=\"0\" height=\"0\" data-dbsrc=\"Ly9hcnNpc3Rlay5uZXQvd3AtY29udGVudC91cGxvYWRzLzIwMjUvMDkvcGFrZXRhcml0bWEuanBn\"\/>\n\t\t\t\t\t\t<img data-src=\"\/\/arsistek.net\/wp-content\/uploads\/2025\/09\/lamella.jpg\" data-libid=\"9638\" data-lib=\"medialibrary\" alt=\"Lamella \u00c7\u00f6kt\u00fcrme Sistemleri\" title=\"Lamella \u00c7\u00f6kt\u00fcrme Sistemleri\" width=\"0\" height=\"0\" data-dbsrc=\"Ly9hcnNpc3Rlay5uZXQvd3AtY29udGVudC91cGxvYWRzLzIwMjUvMDkvbGFtZWxsYS5qcGc=\"\/>\n\t\t\t\t\t<\/image_lists>\n\t\t\t\t<\/sr7-module>\n\t\t\t\t<script>\n\t\t\t\t\tSR7.PMH ??={}; SR7.PMH[\"SR7_1_1\"] = {cn:100,state:false,fn: function() { if (_tpt!==undefined && _tpt.prepareModuleHeight !== undefined) {  _tpt.prepareModuleHeight({id:\"SR7_1_1\",el:[650,650,768,960,720],type:'standard',shdw:'0',gh:[650,650,537,408,252],gw:[1240,1240,1024,778,480],vpt:['-100px'],size:{fullWidth:true, fullHeight:false},mh:'0',onh:0,onw:0,bg:{color:'{\"orig\":\"transparent\",\"type\":\"solid\",\"string\":\"transparent\"}'}});   SR7.PMH[\"SR7_1_1\"].state=true;} else if(SR7.PMH[\"SR7_1_1\"].cn-->0)\tsetTimeout( SR7.PMH[\"SR7_1_1\"].fn,19);}};SR7.PMH[\"SR7_1_1\" ].fn();\n\t\t\t\t<\/script>\n<\/div><\/div><\/div><\/div><\/section><section class=\"l-section wpb_row height_auto\"><div class=\"l-section-h i-cf\"><div class=\"g-cols vc_row via_grid cols_1 laptops-cols_inherit tablets-cols_inherit mobiles-cols_1 valign_top type_default stacking_default\"><div class=\"wpb_column vc_column_container\"><div class=\"vc_column-inner\"><div class=\"w-separator size_small with_line width_default thick_3 style_solid color_primary align_left with_text with_content\"><div class=\"w-separator-h\"><h6 class=\"w-separator-text\"><i class=\"fas fa-hand-holding-water\"><\/i><span>FAAL\u0130YET ALANLARIMIZ<\/span><\/h6><\/div><\/div><\/div><\/div><\/div><\/div><\/section><section class=\"l-section wpb_row height_auto\"><div class=\"l-section-h i-cf\"><div class=\"g-cols vc_row via_grid cols_4 laptops-cols_inherit tablets-cols_inherit mobiles-cols_1 valign_top type_default stacking_default\" style=\"--columns-gap:2rem;\"><div class=\"wpb_column vc_column_container\"><div class=\"vc_column-inner\"><div class=\"w-ibanner us_custom_b2187022 animation_phorcys ratio_3x2 easing_ease\"><a href=\"#\" aria-label=\"PAKET ARITMA TES\u0130SLER\u0130\"><\/a><div class=\"w-ibanner-h\"><div class=\"w-ibanner-image\" style=\"background-image: url(https:\/\/arsistek.net\/wp-content\/uploads\/2025\/09\/package-darken-768x1024.jpg)\"><\/div><div class=\"w-ibanner-content\"><div class=\"w-ibanner-content-h\"><h3 class=\"w-ibanner-title\" style=\"font-size:22px;\">PAKET ARITMA TES\u0130SLER\u0130<\/h3><div class=\"w-ibanner-desc\"><p>Paket Ar\u0131tma (Evsel, Biyolojik ve Kimyasal) Tesisleri ile h\u0131zl\u0131 ve ekonomik \u00e7\u00f6z\u00fcmler sunuyoruz. Fabrikam\u0131zda, d\u0131\u015fa ba\u011fl\u0131 kalmaks\u0131z\u0131n kaliteli \u00fcretim.<\/p>\n<\/div><\/div><\/div><\/div><\/div><div class=\"w-separator size_small\"><\/div><div class=\"w-ibanner us_custom_b2187022 animation_phorcys ratio_3x2 easing_ease\"><a href=\"#\" aria-label=\"MBBR ATIKSU ARITMA TES\u0130SLER\u0130\"><\/a><div class=\"w-ibanner-h\"><div class=\"w-ibanner-image\" style=\"background-image: url(https:\/\/arsistek.net\/wp-content\/uploads\/2025\/09\/MBBR-Aritma-Sistemleri-darken.jpg)\"><\/div><div class=\"w-ibanner-content\"><div class=\"w-ibanner-content-h\"><h3 class=\"w-ibanner-title\" style=\"font-size:22px;\">MBBR ATIKSU ARITMA TES\u0130SLER\u0130<\/h3><div class=\"w-ibanner-desc\"><p>MBBR Bio media ile betonarme ve paket ar\u0131tma ile d\u00fc\u015f\u00fck alan ihtiyac\u0131 y\u00fcksek ar\u0131tma verimi ve bu sayede h\u0131zl\u0131 kapasite art\u0131\u015flar\u0131 sunuyoruz.<\/p>\n<\/div><\/div><\/div><\/div><\/div><div class=\"w-separator size_large\"><\/div><\/div><\/div><div class=\"wpb_column vc_column_container\"><div class=\"vc_column-inner\"><div class=\"w-ibanner us_custom_c72cd23e animation_phorcys ratio_3x2 easing_ease\"><a href=\"#\" aria-label=\"EVSEL ATIKSU ARITMA TES\u0130SLER\u0130\"><\/a><div class=\"w-ibanner-h\"><div class=\"w-ibanner-image\" style=\"background-image: url(https:\/\/arsistek.net\/wp-content\/uploads\/2025\/08\/kimyasal-aritma-darken.jpg)\"><\/div><div class=\"w-ibanner-content\"><div class=\"w-ibanner-content-h\"><h3 class=\"w-ibanner-title\" style=\"font-size:22px;\">EVSEL ATIKSU ARITMA TES\u0130SLER\u0130<\/h3><div class=\"w-ibanner-desc\"><p>Evsel ve Kentsel ba\u015fta olmak \u00fczere biyolojik, paket ar\u0131tma tesisleri projelendirme, uygulama ve amac\u0131 ile mekanik ekipman \u00fcretimleri.<\/p>\n<\/div><\/div><\/div><\/div><\/div><div class=\"w-separator size_small\"><\/div><div class=\"w-ibanner us_custom_b2187022 animation_phorcys ratio_3x2 easing_ease\"><a href=\"#\" aria-label=\"LAMELLA VE \u00c7\u00d6KT\u00dcRME \u00dcN\u0130TES\u0130\"><\/a><div class=\"w-ibanner-h\"><div class=\"w-ibanner-image\" style=\"background-image: url(https:\/\/arsistek.net\/wp-content\/uploads\/2025\/09\/lamella-darken-1024x768.jpg)\"><\/div><div class=\"w-ibanner-content\"><div class=\"w-ibanner-content-h\"><h3 class=\"w-ibanner-title\" style=\"font-size:22px;\">LAMELLA VE \u00c7\u00d6KT\u00dcRME \u00dcN\u0130TES\u0130<\/h3><div class=\"w-ibanner-desc\"><p>\u0130\u00e7me suyu ve at\u0131ksu ar\u0131tma projelerinde yer alan h\u0131zl\u0131 ve yava\u015f kar\u0131\u015ft\u0131r\u0131c\u0131lar, dozlama sistemleri ve lamella \u00fcniteleri \u00fcretimleri.<\/p>\n<\/div><\/div><\/div><\/div><\/div><div class=\"w-separator size_large\"><\/div><\/div><\/div><div class=\"wpb_column vc_column_container\"><div class=\"vc_column-inner\"><div class=\"w-ibanner us_custom_b2187022 animation_phorcys ratio_3x2 easing_ease\"><a href=\"#\" aria-label=\"K\u0130MYASAL ATIKSU ARITMA TES\u0130SLER\u0130\"><\/a><div class=\"w-ibanner-h\"><div class=\"w-ibanner-image\" style=\"background-image: url(https:\/\/arsistek.net\/wp-content\/uploads\/2025\/08\/biyolojik-aritma-darken.jpg)\"><\/div><div class=\"w-ibanner-content\"><div class=\"w-ibanner-content-h\"><h3 class=\"w-ibanner-title\" style=\"font-size:22px;\">K\u0130MYASAL ATIKSU ARITMA TES\u0130SLER\u0130<\/h3><div class=\"w-ibanner-desc\"><p>Mezbaha, s\u00fct tesisleri, tekstil sanayi ve di\u011fer end\u00fcstriyel at\u0131ksu ar\u0131tma projelerinde bu noktada \u00e7\u00f6z\u00fcm orta\u011f\u0131 olmaya devam ediyoruz.<\/p>\n<\/div><\/div><\/div><\/div><\/div><div class=\"w-separator size_small\"><\/div><div class=\"w-ibanner us_custom_b2187022 animation_phorcys ratio_3x2 easing_ease\"><a href=\"#\" aria-label=\"\u0130\u00c7ME SUYU VE YUMU\u015eATMA\"><\/a><div class=\"w-ibanner-h\"><div class=\"w-ibanner-image\" style=\"background-image: url(https:\/\/arsistek.net\/wp-content\/uploads\/2025\/09\/icme-suyu-darken-1024x683.jpg)\"><\/div><div class=\"w-ibanner-content\"><div class=\"w-ibanner-content-h\"><h3 class=\"w-ibanner-title\" style=\"font-size:22px;\">\u0130\u00c7ME SUYU VE YUMU\u015eATMA<\/h3><div class=\"w-ibanner-desc\"><p>Elde edilen suda herhangi bir mikro-organizma bulunmas\u0131 riski de bulunmamaktad\u0131r. Ar\u0131t\u0131lan su, v\u00fccudun ihtiyac\u0131 olan az miktarda kalsiyum ve magnezyum iyonlar\u0131 i\u00e7erir.<\/p>\n<\/div><\/div><\/div><\/div><\/div><div class=\"w-separator size_large\"><\/div><\/div><\/div><div class=\"wpb_column vc_column_container\"><div class=\"vc_column-inner\"><div class=\"w-ibanner us_custom_b2187022 animation_phorcys ratio_3x2 easing_ease\"><a href=\"#\" aria-label=\"MBR ATIKSU ARITMA TES\u0130SLER\u0130\"><\/a><div class=\"w-ibanner-h\"><div class=\"w-ibanner-image\" style=\"background-image: url(https:\/\/arsistek.net\/wp-content\/uploads\/2025\/09\/mbr-aritma-darken-768x1024.jpg)\"><\/div><div class=\"w-ibanner-content\"><div class=\"w-ibanner-content-h\"><h3 class=\"w-ibanner-title\" style=\"font-size:22px;\">MBR ATIKSU ARITMA TES\u0130SLER\u0130<\/h3><div class=\"w-ibanner-desc\"><p>Y\u00fcksek kapasiteli MBR betonarme ve ayn\u0131 zamanda \u00e7elik reakt\u00f6r ile, y\u00fcksek ar\u0131tma verimi ve at\u0131ksu geri kazan\u0131m sistemleri.<\/p>\n<\/div><\/div><\/div><\/div><\/div><div class=\"w-separator size_small\"><\/div><div class=\"w-ibanner us_custom_b2187022 animation_phorcys ratio_3x2 easing_ease\"><a href=\"#\" aria-label=\"MEKAN\u0130K EK\u0130PMAN \u00dcRET\u0130MLER\u0130\"><\/a><div class=\"w-ibanner-h\"><div class=\"w-ibanner-image\" style=\"background-image: url(https:\/\/arsistek.net\/wp-content\/uploads\/2025\/09\/mekanik-ekipman-darken-1024x576.jpg)\"><\/div><div class=\"w-ibanner-content\"><div class=\"w-ibanner-content-h\"><h3 class=\"w-ibanner-title\" style=\"font-size:22px;\">MEKAN\u0130K EK\u0130PMAN \u00dcRET\u0130MLER\u0130<\/h3><div class=\"w-ibanner-desc\"><p>At\u0131ksu ar\u0131tma tesislerinde kullan\u0131lan t\u00fcm mekanik ekipman, fiziksel ar\u0131tma \u00fcniteleri \u00fcretimlerini ger\u00e7ekle\u015ftiriyoruz.<\/p>\n<\/div><\/div><\/div><\/div><\/div><div class=\"w-separator size_large\"><\/div><\/div><\/div><\/div><\/div><\/section><section class=\"l-section wpb_row height_custom with_img\"><div class=\"l-section-img\" role=\"img\" aria-label=\"Paket Ar\u0131tma Partner\" data-img-width=\"2360\" data-img-height=\"1056\" style=\"background-image: url(https:\/\/arsistek.net\/wp-content\/uploads\/2025\/09\/partner.jpeg);\"><\/div><div class=\"l-section-overlay\" style=\"background:rgba(0,159,181,0.7)\"><\/div><div class=\"l-section-h i-cf\"><div class=\"g-cols vc_row via_grid cols_1 laptops-cols_inherit tablets-cols_inherit mobiles-cols_1 valign_top type_default stacking_default\"><div class=\"wpb_column vc_column_container\"><div class=\"vc_column-inner\"><div class=\"w-separator us_custom_6df4bc3a has_text_color size_small with_line width_default thick_3 style_solid color_primary align_center with_text with_content\"><div class=\"w-separator-h\"><h6 class=\"w-separator-text\"><i class=\"fas fa-hand-holding-water\"><\/i><span>\u00c7\u00d6Z\u00dcM ORTAKLARIMIZ<\/span><\/h6><\/div><\/div><div class=\"w-grid us_custom_6df4bc3a has_text_color type_carousel layout_gallery_default items_5 ratio_3x2\" id=\"us_grid_1\" style=\"--items:5;--gap:30px;--item-ratio:0.66667;\"><style>.layout_gallery_default .w-grid-item-h{}<\/style><div class=\"w-grid-list owl-carousel valign_stretch dotstyle_circle navstyle_19 navpos_outside owl-responsive-2000 with_arrows\" style=\"--transition-duration:350ms;--arrows-size:1.5rem;\">\t<article class=\"w-grid-item post-9752 attachment type-attachment status-inherit hentry\" data-id=\"9752\">\r\n\t\t<div class=\"w-grid-item-h\">\r\n\t\t\t\t\t\t<div class=\"w-post-elm post_image usg_post_image_1 stretched\"><img loading=\"lazy\" decoding=\"async\" width=\"200\" height=\"150\" src=\"https:\/\/arsistek.net\/wp-content\/uploads\/2025\/09\/partner21.webp\" class=\"attachment-large size-large\" alt=\"\" srcset=\"https:\/\/arsistek.net\/wp-content\/uploads\/2025\/09\/partner21.webp 200w, https:\/\/arsistek.net\/wp-content\/uploads\/2025\/09\/partner21-16x12.webp 16w\" sizes=\"auto, (max-width: 200px) 100vw, 200px\" \/><\/div>\t\t<\/div>\r\n\t\t\t<\/article>\r\n\t<article class=\"w-grid-item post-9750 attachment type-attachment status-inherit hentry\" data-id=\"9750\">\r\n\t\t<div class=\"w-grid-item-h\">\r\n\t\t\t\t\t\t<div class=\"w-post-elm post_image usg_post_image_1 stretched\"><img loading=\"lazy\" decoding=\"async\" width=\"200\" height=\"150\" src=\"https:\/\/arsistek.net\/wp-content\/uploads\/2025\/09\/partner11.webp\" class=\"attachment-large size-large\" alt=\"\" srcset=\"https:\/\/arsistek.net\/wp-content\/uploads\/2025\/09\/partner11.webp 200w, https:\/\/arsistek.net\/wp-content\/uploads\/2025\/09\/partner11-16x12.webp 16w\" sizes=\"auto, (max-width: 200px) 100vw, 200px\" \/><\/div>\t\t<\/div>\r\n\t\t\t<\/article>\r\n\t<article class=\"w-grid-item post-9751 attachment type-attachment status-inherit hentry\" data-id=\"9751\">\r\n\t\t<div class=\"w-grid-item-h\">\r\n\t\t\t\t\t\t<div class=\"w-post-elm post_image usg_post_image_1 stretched\"><img loading=\"lazy\" decoding=\"async\" width=\"200\" height=\"150\" src=\"https:\/\/arsistek.net\/wp-content\/uploads\/2025\/09\/partner14.webp\" class=\"attachment-large size-large\" alt=\"\" srcset=\"https:\/\/arsistek.net\/wp-content\/uploads\/2025\/09\/partner14.webp 200w, https:\/\/arsistek.net\/wp-content\/uploads\/2025\/09\/partner14-16x12.webp 16w\" sizes=\"auto, (max-width: 200px) 100vw, 200px\" \/><\/div>\t\t<\/div>\r\n\t\t\t<\/article>\r\n\t<article class=\"w-grid-item post-9749 attachment type-attachment status-inherit hentry\" data-id=\"9749\">\r\n\t\t<div class=\"w-grid-item-h\">\r\n\t\t\t\t\t\t<div class=\"w-post-elm post_image usg_post_image_1 stretched\"><img loading=\"lazy\" decoding=\"async\" width=\"200\" height=\"150\" src=\"https:\/\/arsistek.net\/wp-content\/uploads\/2025\/09\/partner09.webp\" class=\"attachment-large size-large\" alt=\"\" srcset=\"https:\/\/arsistek.net\/wp-content\/uploads\/2025\/09\/partner09.webp 200w, https:\/\/arsistek.net\/wp-content\/uploads\/2025\/09\/partner09-16x12.webp 16w\" sizes=\"auto, (max-width: 200px) 100vw, 200px\" \/><\/div>\t\t<\/div>\r\n\t\t\t<\/article>\r\n\t<article class=\"w-grid-item post-9748 attachment type-attachment status-inherit hentry\" data-id=\"9748\">\r\n\t\t<div class=\"w-grid-item-h\">\r\n\t\t\t\t\t\t<div class=\"w-post-elm post_image usg_post_image_1 stretched\"><img loading=\"lazy\" decoding=\"async\" width=\"200\" height=\"150\" src=\"https:\/\/arsistek.net\/wp-content\/uploads\/2025\/09\/partner08.webp\" class=\"attachment-large size-large\" alt=\"\" srcset=\"https:\/\/arsistek.net\/wp-content\/uploads\/2025\/09\/partner08.webp 200w, https:\/\/arsistek.net\/wp-content\/uploads\/2025\/09\/partner08-16x12.webp 16w\" sizes=\"auto, (max-width: 200px) 100vw, 200px\" \/><\/div>\t\t<\/div>\r\n\t\t\t<\/article>\r\n\t<article class=\"w-grid-item post-9746 attachment type-attachment status-inherit hentry\" data-id=\"9746\">\r\n\t\t<div class=\"w-grid-item-h\">\r\n\t\t\t\t\t\t<div class=\"w-post-elm post_image usg_post_image_1 stretched\"><img loading=\"lazy\" decoding=\"async\" width=\"200\" height=\"150\" src=\"https:\/\/arsistek.net\/wp-content\/uploads\/2025\/09\/partner03.webp\" class=\"attachment-large size-large\" alt=\"\" srcset=\"https:\/\/arsistek.net\/wp-content\/uploads\/2025\/09\/partner03.webp 200w, https:\/\/arsistek.net\/wp-content\/uploads\/2025\/09\/partner03-16x12.webp 16w\" sizes=\"auto, (max-width: 200px) 100vw, 200px\" \/><\/div>\t\t<\/div>\r\n\t\t\t<\/article>\r\n\t<article class=\"w-grid-item post-9747 attachment type-attachment status-inherit hentry\" data-id=\"9747\">\r\n\t\t<div class=\"w-grid-item-h\">\r\n\t\t\t\t\t\t<div class=\"w-post-elm post_image usg_post_image_1 stretched\"><img loading=\"lazy\" decoding=\"async\" width=\"200\" height=\"150\" src=\"https:\/\/arsistek.net\/wp-content\/uploads\/2025\/09\/partner04.webp\" class=\"attachment-large size-large\" alt=\"\" srcset=\"https:\/\/arsistek.net\/wp-content\/uploads\/2025\/09\/partner04.webp 200w, https:\/\/arsistek.net\/wp-content\/uploads\/2025\/09\/partner04-16x12.webp 16w\" sizes=\"auto, (max-width: 200px) 100vw, 200px\" \/><\/div>\t\t<\/div>\r\n\t\t\t<\/article>\r\n\t<article class=\"w-grid-item post-9745 attachment type-attachment status-inherit hentry\" data-id=\"9745\">\r\n\t\t<div class=\"w-grid-item-h\">\r\n\t\t\t\t\t\t<div class=\"w-post-elm post_image usg_post_image_1 stretched\"><img loading=\"lazy\" decoding=\"async\" width=\"200\" height=\"150\" src=\"https:\/\/arsistek.net\/wp-content\/uploads\/2025\/09\/partner01.webp\" class=\"attachment-large size-large\" alt=\"\" srcset=\"https:\/\/arsistek.net\/wp-content\/uploads\/2025\/09\/partner01.webp 200w, https:\/\/arsistek.net\/wp-content\/uploads\/2025\/09\/partner01-16x12.webp 16w\" sizes=\"auto, (max-width: 200px) 100vw, 200px\" \/><\/div>\t\t<\/div>\r\n\t\t\t<\/article>\r\n\t<article class=\"w-grid-item post-9742 attachment type-attachment status-inherit hentry\" data-id=\"9742\">\r\n\t\t<div class=\"w-grid-item-h\">\r\n\t\t\t\t\t\t<div class=\"w-post-elm post_image usg_post_image_1 stretched\"><img loading=\"lazy\" decoding=\"async\" width=\"200\" height=\"150\" src=\"https:\/\/arsistek.net\/wp-content\/uploads\/2025\/09\/partnernikuni.webp\" class=\"attachment-large size-large\" alt=\"\" srcset=\"https:\/\/arsistek.net\/wp-content\/uploads\/2025\/09\/partnernikuni.webp 200w, https:\/\/arsistek.net\/wp-content\/uploads\/2025\/09\/partnernikuni-16x12.webp 16w\" sizes=\"auto, (max-width: 200px) 100vw, 200px\" \/><\/div>\t\t<\/div>\r\n\t\t\t<\/article>\r\n<\/div>\t<div class=\"g-preloader type_1\">\r\n\t\t<div><\/div>\r\n\t<\/div>\r\n\t\t<div class=\"w-grid-json hidden\" onclick='return {&quot;action&quot;:&quot;us_ajax_grid&quot;,&quot;infinite_scroll&quot;:0,&quot;max_num_pages&quot;:1,&quot;pagination&quot;:&quot;none&quot;,&quot;template_vars&quot;:{&quot;columns&quot;:&quot;&quot;,&quot;exclude_items&quot;:&quot;none&quot;,&quot;img_size&quot;:&quot;default&quot;,&quot;ignore_items_size&quot;:0,&quot;items_layout&quot;:&quot;gallery_default&quot;,&quot;items_offset&quot;:&quot;0px&quot;,&quot;load_animation&quot;:&quot;none&quot;,&quot;overriding_link&quot;:&quot;%7B%22url%22%3A%22%22%7D&quot;,&quot;post_id&quot;:0,&quot;query_args&quot;:{&quot;post_type&quot;:[&quot;attachment&quot;],&quot;post__in&quot;:[&quot;9742&quot;,&quot;9745&quot;,&quot;9746&quot;,&quot;9747&quot;,&quot;9748&quot;,&quot;9749&quot;,&quot;9750&quot;,&quot;9751&quot;,&quot;9752&quot;],&quot;post_status&quot;:&quot;inherit&quot;,&quot;post_mime_type&quot;:&quot;image&quot;,&quot;posts_per_page&quot;:&quot;10&quot;},&quot;orderby_query_args&quot;:{&quot;orderby&quot;:{&quot;date&quot;:&quot;DESC&quot;}},&quot;type&quot;:&quot;carousel&quot;,&quot;us_grid_post_type&quot;:&quot;attachment&quot;,&quot;us_grid_ajax_index&quot;:1,&quot;us_grid_filter_query_string&quot;:null,&quot;us_grid_index&quot;:1,&quot;page_args&quot;:[]},&quot;carousel_settings&quot;:{&quot;aria_labels&quot;:{&quot;prev&quot;:&quot;\\u041d\\u0430\\u0437\\u0430\\u0434&quot;,&quot;next&quot;:&quot;\\u0414\\u0430\\u043b\\u0435\\u0435&quot;},&quot;autoplayContinual&quot;:false,&quot;autoplayHoverPause&quot;:false,&quot;autoplayTimeout&quot;:3000,&quot;autoWidth&quot;:false,&quot;smartSpeed&quot;:350,&quot;margin&quot;:0,&quot;mouseDrag&quot;:true,&quot;rtl&quot;:false,&quot;slideBy&quot;:&quot;1&quot;,&quot;touchDrag&quot;:true,&quot;slideTransition&quot;:&quot;&quot;,&quot;responsive&quot;:{&quot;0&quot;:{&quot;autoHeight&quot;:false,&quot;autoplay&quot;:false,&quot;autoWidth&quot;:false,&quot;center&quot;:false,&quot;dots&quot;:false,&quot;items&quot;:1,&quot;loop&quot;:false,&quot;nav&quot;:false,&quot;stagePadding&quot;:0,&quot;slideBy&quot;:&quot;1&quot;},&quot;601&quot;:{&quot;items&quot;:5,&quot;autoplay&quot;:true,&quot;center&quot;:false,&quot;dots&quot;:false,&quot;nav&quot;:true,&quot;autoHeight&quot;:false,&quot;autoWidth&quot;:false,&quot;loop&quot;:true,&quot;stagePadding&quot;:0}}}}'><\/div>\r\n\t<\/div><\/div><\/div><\/div><\/div><\/section><section class=\"l-section wpb_row height_small\"><div class=\"l-section-h i-cf\"><div class=\"g-cols vc_row via_grid cols_2 laptops-cols_inherit tablets-cols_inherit mobiles-cols_1 valign_middle type_boxes stacking_default\" style=\"--columns-gap:0rem;\"><div class=\"wpb_column vc_column_container us_custom_d41d66fd has_text_color has_bg_color\"><div class=\"vc_column-inner\"><div class=\"wpb_text_column\"><div class=\"wpb_wrapper\"><h4>Hakk\u0131m\u0131zda &#8230;<\/h4>\n<p><strong>Arsistek Ar\u0131tma A.\u015e ;<\/strong><span>\u00a0<\/span>2014 y\u0131l\u0131nda t\u00fcm birikim, tecr\u00fcbe ve \u00f6z kaynaklar\u0131 ile sekt\u00f6rel hedefleri do\u011frultusunda kuruldu. Ankara merkezli y\u00f6netim, teknik servis ve Ba\u015fkent organize sanayi b\u00f6lgesinde yer alan 2500 m2 kapal\u0131 \u00fcretim, depolama ve sevk alan\u0131 ile sekt\u00f6rde faaliyet g\u00f6stermektedir.<\/p>\n<\/div><\/div><\/div><\/div><div class=\"wpb_column vc_column_container us_custom_6092bcdf has_text_color has_bg_color\"><div class=\"vc_column-inner\"><div class=\"wpb_text_column us_custom_903ba403 has_text_color\"><div class=\"wpb_wrapper\"><div class=\"wpb_text_column\">\n<div class=\"wpb_wrapper\">\n<h4 style=\"text-align: center;\">Faaliyetlerimizle, Ya\u015fama ve do\u011faya de\u011fer kat\u0131yoruz !<\/h4>\n<\/div>\n<\/div>\n<\/div><\/div><div class=\"w-separator size_small\"><\/div><div class=\"g-cols wpb_row via_grid cols_3 laptops-cols_inherit tablets-cols_inherit mobiles-cols_1 valign_top type_default stacking_default\" style=\"--columns-gap:3rem;\"><div class=\"wpb_column vc_column_container\"><div class=\"vc_column-inner\"><div class=\"w-counter us_custom_9c1e1e80 has_text_color color_custom align_center has_font_size\" data-duration=\"2\"><div class=\"w-counter-value\" style=\"color:#ffffff;\"><span class=\"w-counter-value-part type_text\" data-final=\"\"><\/span><span class=\"w-counter-value-part type_number\" data-final=\"200\">1<\/span><span class=\"w-counter-value-part type_text\" data-final=\"+\"><\/span><\/div><h6 class=\"w-counter-title\" style=\"font-size:16px;\">PROJELER<\/h6><\/div><\/div><\/div><div class=\"wpb_column vc_column_container\"><div class=\"vc_column-inner\"><div class=\"w-counter us_custom_9c1e1e80 has_text_color color_custom align_center has_font_size\" data-duration=\"2\"><div class=\"w-counter-value\" style=\"color:#ffffff;\"><span class=\"w-counter-value-part type_text\" data-final=\"\"><\/span><span class=\"w-counter-value-part type_number\" data-final=\"2500\">1<\/span><span class=\"w-counter-value-part type_text\" data-final=\" m2\"><\/span><\/div><h6 class=\"w-counter-title\" style=\"font-size:16px;\">\u00dcRET\u0130M ALANI<\/h6><\/div><\/div><\/div><div class=\"wpb_column vc_column_container\"><div class=\"vc_column-inner\"><div class=\"w-counter us_custom_9c1e1e80 has_text_color color_custom align_center has_font_size\" data-duration=\"2\"><div class=\"w-counter-value\" style=\"color:#ffffff;\"><span class=\"w-counter-value-part type_text\" data-final=\"\"><\/span><span class=\"w-counter-value-part type_number\" data-final=\"12\">1<\/span><span class=\"w-counter-value-part type_text\" data-final=\"+\"><\/span><\/div><h6 class=\"w-counter-title\" style=\"font-size:16px;\">TEMS\u0130LC\u0130L\u0130K<\/h6><\/div><\/div><\/div><\/div><\/div><\/div><\/div><\/div><\/section>","protected":false},"excerpt":{"rendered":"","protected":false},"author":1,"featured_media":0,"parent":0,"menu_order":0,"comment_status":"closed","ping_status":"closed","template":"","meta":{"footnotes":""},"class_list":["post-6635","page","type-page","status-publish","hentry"],"_links":{"self":[{"href":"https:\/\/arsistek.net\/ru\/wp-json\/wp\/v2\/pages\/6635","targetHints":{"allow":["GET"]}}],"collection":[{"href":"https:\/\/arsistek.net\/ru\/wp-json\/wp\/v2\/pages"}],"about":[{"href":"https:\/\/arsistek.net\/ru\/wp-json\/wp\/v2\/types\/page"}],"author":[{"embeddable":true,"href":"https:\/\/arsistek.net\/ru\/wp-json\/wp\/v2\/users\/1"}],"replies":[{"embeddable":true,"href":"https:\/\/arsistek.net\/ru\/wp-json\/wp\/v2\/comments?post=6635"}],"version-history":[{"count":436,"href":"https:\/\/arsistek.net\/ru\/wp-json\/wp\/v2\/pages\/6635\/revisions"}],"predecessor-version":[{"id":9793,"href":"https:\/\/arsistek.net\/ru\/wp-json\/wp\/v2\/pages\/6635\/revisions\/9793"}],"wp:attachment":[{"href":"https:\/\/arsistek.net\/ru\/wp-json\/wp\/v2\/media?parent=6635"}],"curies":[{"name":"wp","href":"https:\/\/api.w.org\/{rel}","templated":true}]}}