{"id":1437,"date":"2013-09-06T15:19:20","date_gmt":"2013-09-06T15:19:20","guid":{"rendered":"http:\/\/impreza.us-themes.net\/pages\/contact-2\/"},"modified":"2025-10-05T16:31:01","modified_gmt":"2025-10-05T16:31:01","slug":"iletisim","status":"publish","type":"page","link":"https:\/\/arsistek.net\/ru\/iletisim\/","title":{"rendered":"\u0130leti\u015fim"},"content":{"rendered":"<section class=\"l-section wpb_row height_custom color_primary with_video with_youtube\"><div id=\"us_bg_video_a977\" class=\"l-section-video\"><script id=\"us_bg_video_a977-script\">!function(w){var node = document.getElementById( 'us_bg_video_a977' );if ( w.innerWidth <= 600 ) { node.remove() }}(window);<\/script><style>@media(max-width:600px){#us_bg_video_a977{display:none!important}}<\/style><script id=\"youtube_a977\">\r\n\t\t\t\t\twindow.USYTPlayers = ( window.USYTPlayers || { initYTFunctions: [], optionsYT: [], USYTInited: false } );\r\n\t\t\t\t\twindow.USYTPlayers.initYTFunctions.push( function() {\r\n\t\t\t\t\t\tvar player = new YT.Player( \"youtube_a977\" , {\r\n\t\t\t\t\t\t\tvideoId: \"5K3Jdux_DDg\",\r\n\t\t\t\t\t\t\tplayerVars: {\"playlist\":\"5K3Jdux_DDg\",\"autohide\":1,\"autoplay\":1,\"mute\":1,\"controls\":0,\"disablekb\":1,\"enablejsapi\":1,\"fs\":0,\"loop\":1,\"rel\":0,\"showinfo\":0},\r\n\t\t\t\t\t\t\tevents: {\r\n\t\t\t\t\t\t\t\tonReady: function ( e ) {\r\n\t\t\t\t\t\t\t\t\te.target.mute();\r\n\t\t\t\t\t\t\t\t\te.target.playVideo();\r\n\t\t\t\t\t\t\t\t\te.target.g.allow = \"autoplay; fullscreen; picture-in-picture\";\r\n\t\t\t\t\t\t\t\t\te.target.g.width = window.innerWidth;\r\n\t\t\t\t\t\t\t\t\te.target.g.loading = \"lazy\";\r\n\t\t\t\t\t\t\t\t\te.target.g.dispatchEvent( new Event( \"resize\", { bubbles: true } ) );\r\n\t\t\t\t\t\t\t\t}\r\n\t\t\t\t\t\t\t}\r\n\t\t\t\t\t\t});\r\n\t\t\t\t\t\tdocument.querySelector( \"script#youtube_api_a977\" ).remove();\r\n\t\t\t\t\t} );\r\n\t\t\t\t\twindow.onYouTubeIframeAPIReady = function() {\r\n\t\t\t\t\t\twindow.USYTPlayers.initYTFunctions.forEach( function( YTPlayer ) {\r\n\t\t\t\t\t\t\tif ( typeof YTPlayer === \"function\" ) {\r\n\t\t\t\t\t\t\t\tYTPlayer();\r\n\t\t\t\t\t\t\t}\r\n\t\t\t\t\t\t} );\r\n\t\t\t\t\t};\r\n\t\t\t\t\tvar script = document.createElement( \"script\" );\r\n\t\t\t\t\tscript.id = \"youtube_api_a977\";\r\n\t\t\t\t\tscript.src = \"https:\/\/www.youtube.com\/iframe_api\";\r\n\t\t\t\t\tdocument.head.append( script );\r\n\t\t\t\t<\/script><\/div><div class=\"l-section-overlay\" style=\"background:rgba(10,10,10,0.7)\"><\/div><div class=\"l-section-h i-cf\"><div class=\"g-cols vc_row via_grid cols_1 laptops-cols_inherit tablets-cols_inherit mobiles-cols_1 valign_top type_default stacking_default\"><div class=\"wpb_column vc_column_container\"><div class=\"vc_column-inner\"><div class=\"wpb_text_column us_custom_765e1990 background_inside_text\"><div class=\"wpb_wrapper\"><p>Bizimle ileti\u015fime ge\u00e7in !<\/p>\n<\/div><\/div><div class=\"wpb_text_column\"><div class=\"wpb_wrapper\"><h6 style=\"text-align: center;\">\u00dczerinde \u00e7al\u0131\u015ft\u0131\u011f\u0131m\u0131z her projeye ki\u015fisel ve etkili bir yakla\u015f\u0131m getiriyoruz.<\/h6>\n<\/div><\/div><div class=\"w-separator size_small\"><\/div><div class=\"w-iconbox iconpos_top style_default color_custom align_center no_text no_title\"><div class=\"w-iconbox-icon\" style=\"font-size:2rem;\"><i class=\"far fa-chevron-down\"><\/i><\/div><div class=\"w-iconbox-meta\"><\/div><\/div><\/div><\/div><\/div><\/div><\/section><section class=\"l-section wpb_row height_custom\"><div class=\"l-section-h i-cf\"><div class=\"g-cols vc_row via_grid cols_2 laptops-cols_inherit tablets-cols_inherit mobiles-cols_1 valign_top type_default stacking_default\" style=\"--columns-gap:58px;\"><div class=\"wpb_column vc_column_container\"><div class=\"vc_column-inner\"><div class=\"g-cols wpb_row us_custom_ce9ade6a via_grid cols_1 laptops-cols_inherit tablets-cols_inherit mobiles-cols_1 valign_top type_default stacking_default\" style=\"--columns-gap:3rem;\"><div class=\"wpb_column vc_column_container\"><div class=\"vc_column-overlay\" style=\"background:#e0e0e0\"><\/div><div class=\"vc_column-inner\"><div class=\"w-separator size_custom\" style=\"height:5px\"><\/div><div class=\"w-iconbox us_custom_87588e50 iconpos_left style_default color_primary align_left no_text icontype_img\"><div class=\"w-iconbox-icon\" style=\"font-size:30px;\"><img loading=\"lazy\" decoding=\"async\" width=\"30\" height=\"19\" src=\"https:\/\/arsistek.net\/wp-content\/uploads\/2025\/08\/turkey-flag.webp\" class=\"attachment-full size-full\" alt=\"T\u00fcrkiye Bayrak\" srcset=\"https:\/\/arsistek.net\/wp-content\/uploads\/2025\/08\/turkey-flag.webp 30w, https:\/\/arsistek.net\/wp-content\/uploads\/2025\/08\/turkey-flag-18x12.webp 18w\" sizes=\"auto, (max-width: 30px) 100vw, 30px\" \/><\/div><div class=\"w-iconbox-meta\"><h4 class=\"w-iconbox-title\" style=\"font-size:20px;\">GENEL M\u00dcD\u00dcRL\u00dcK<\/h4><\/div><\/div><div class=\"w-separator size_custom\" style=\"height:5px\"><\/div><\/div><\/div><\/div><div class=\"w-separator size_small\"><\/div><div class=\"w-iconbox iconpos_left style_default color_custom align_left no_title\"><div class=\"w-iconbox-icon\" style=\"font-size:24px;--icon-color:#001e82;\"><i class=\"far fa-map-marked-alt\"><\/i><\/div><div class=\"w-iconbox-meta\"><div class=\"w-iconbox-text\"><p>\u0130vedik Organize Sanayi B\u00f6lgesi 1122 Cadde, Maxivedik Plaza No: 20\/2 Yenimahalle \/ Ankara \/ T\u00fcrkiye<\/p>\n<\/div><\/div><\/div><div class=\"w-separator size_custom\" style=\"height:5px\"><\/div><div class=\"w-iconbox iconpos_left style_default color_custom align_left no_title\"><div class=\"w-iconbox-icon\" style=\"font-size:24px;--icon-color:#001e82;\"><i class=\"far fa-phone-alt\"><\/i><\/div><div class=\"w-iconbox-meta\"><div class=\"w-iconbox-text\"><p>+90 312 394 67 92 &#8211; Mobile : +90 552 876 55 30<\/p>\n<\/div><\/div><\/div><div class=\"w-separator size_custom\" style=\"height:5px\"><\/div><div class=\"w-iconbox iconpos_left style_default color_custom align_left no_title\"><div class=\"w-iconbox-icon\" style=\"font-size:24px;--icon-color:#001e82;\"><i class=\"far fa-fax\"><\/i><\/div><div class=\"w-iconbox-meta\"><div class=\"w-iconbox-text\"><p>+90 312 394 67 93<\/p>\n<\/div><\/div><\/div><div class=\"w-separator size_custom\" style=\"height:5px\"><\/div><div class=\"w-iconbox iconpos_left style_default color_custom align_left no_title\"><a href=\"mailto:info@arsistek.com\" class=\"w-iconbox-link\" aria-label=\"far|envelope\"><div class=\"w-iconbox-icon\" style=\"font-size:24px;--icon-color:#001e82;\"><i class=\"far fa-envelope\"><\/i><\/div><\/a><div class=\"w-iconbox-meta\"><div class=\"w-iconbox-text\"><p><a href=\"mailto:info@arsistek.com\">info@arsistek.com<\/a><\/p>\n<\/div><\/div><\/div><div class=\"w-separator size_custom\" style=\"height:5px\"><\/div><div class=\"w-iconbox iconpos_left style_default color_custom align_left no_title\"><a href=\"mailto:arsistek@hs01.kep.tr\" class=\"w-iconbox-link\" aria-label=\"far|envelope\"><div class=\"w-iconbox-icon\" style=\"font-size:24px;--icon-color:#001e82;\"><i class=\"far fa-envelope\"><\/i><\/div><\/a><div class=\"w-iconbox-meta\"><div class=\"w-iconbox-text\"><p><a href=\"mailto:arsistek@hs01.kep.tr\">arsistek@hs01.kep.tr<\/a> <strong>(Kep Adresi)<\/strong><\/p>\n<\/div><\/div><\/div><div class=\"w-separator size_custom\" style=\"height:5px\"><\/div><div class=\"w-popup w-btn-wrapper align_none\"><button type=\"button\" aria-label=\"Google Maps\" class=\"w-popup-trigger type_btn w-btn us-btn-style_1 icon_atleft\"><i class=\"fas fa-map-marked-alt\"><\/i><span class=\"w-btn-label\">Google Maps<\/span><\/button><div class=\"w-popup-overlay\" style=\"background:rgba(0,0,0,0.85);\"><\/div><div class=\"w-popup-wrap layout_default\" role=\"dialog\" aria-modal=\"true\" aria-label=\"Google Maps\" style=\"--title-color:var(--color-content-heading);--title-bg-color:var(--color-content-bg-alt);--content-color:var(--color-content-text);--content-bg-color:var(--color-content-bg);--popup-width:1000px;--popup-padding:5%;\"><button aria-label=\"\u0417\u0430\u043a\u0440\u044b\u0442\u044c\" class=\"w-popup-closer\" type=\"button\"><\/button><div class=\"w-popup-box animation_scaleUp closerpos_outside with_title\"><div class=\"w-popup-box-h\"><div class=\"w-popup-box-title\">Google Maps &#8211; Genel M\u00fcd\u00fcrl\u00fck<\/div><div class=\"w-popup-box-content\"><p><iframe loading=\"lazy\" style=\"border: 0;\" src=\"https:\/\/www.google.com\/maps\/embed?pb=!1m18!1m12!1m3!1d3056.8726426084886!2d32.738907859636775!3d39.988951361010315!2m3!1f0!2f0!3f0!3m2!1i1024!2i768!4f13.1!3m3!1m2!1s0x14d337d8039d21c1%3A0x86c83212d3056f9d!2zQVJTxLBTVEVLIEFSSVRNQSBBLsWe!5e0!3m2!1str!2str!4v1759681721457!5m2!1str!2str\" width=\"1000\" height=\"450\" allowfullscreen=\"allowfullscreen\"><\/iframe><\/p>\n<\/div><\/div><\/div><\/div><\/div><div class=\"w-separator size_small\"><\/div><div class=\"g-cols wpb_row us_custom_ce9ade6a via_grid cols_1 laptops-cols_inherit tablets-cols_inherit mobiles-cols_1 valign_top type_default stacking_default\" style=\"--columns-gap:3rem;\"><div class=\"wpb_column vc_column_container\"><div class=\"vc_column-overlay\" style=\"background:#e0e0e0\"><\/div><div class=\"vc_column-inner\"><div class=\"w-separator size_custom\" style=\"height:5px\"><\/div><div class=\"w-iconbox us_custom_87588e50 iconpos_left style_default color_primary align_left no_text icontype_img\"><div class=\"w-iconbox-icon\" style=\"font-size:30px;\"><img loading=\"lazy\" decoding=\"async\" width=\"30\" height=\"19\" src=\"https:\/\/arsistek.net\/wp-content\/uploads\/2025\/08\/turkey-flag.webp\" class=\"attachment-full size-full\" alt=\"T\u00fcrkiye Bayrak\" srcset=\"https:\/\/arsistek.net\/wp-content\/uploads\/2025\/08\/turkey-flag.webp 30w, https:\/\/arsistek.net\/wp-content\/uploads\/2025\/08\/turkey-flag-18x12.webp 18w\" sizes=\"auto, (max-width: 30px) 100vw, 30px\" \/><\/div><div class=\"w-iconbox-meta\"><h4 class=\"w-iconbox-title\" style=\"font-size:20px;\">FABR\u0130KA<\/h4><\/div><\/div><div class=\"w-separator size_custom\" style=\"height:5px\"><\/div><\/div><\/div><\/div><div class=\"w-separator size_small\"><\/div><div class=\"w-iconbox iconpos_left style_default color_custom align_left no_title\"><div class=\"w-iconbox-icon\" style=\"font-size:24px;--icon-color:#001e82;\"><i class=\"far fa-map-marked\"><\/i><\/div><div class=\"w-iconbox-meta\"><div class=\"w-iconbox-text\"><p>Ba\u015fkent Organize Sanayi B\u00f6lgesi, Ba\u015fkent Bulvar\u0131 No: 25 Sincan \/ Ankara \/ T\u00fcrkiye<\/p>\n<\/div><\/div><\/div><div class=\"w-separator size_custom\" style=\"height:5px\"><\/div><div class=\"w-iconbox iconpos_left style_default color_custom align_left no_title\"><div class=\"w-iconbox-icon\" style=\"font-size:24px;--icon-color:#001e82;\"><i class=\"far fa-phone-alt\"><\/i><\/div><div class=\"w-iconbox-meta\"><div class=\"w-iconbox-text\"><p>+90 312 394 67 92 &#8211; Mobile : +90 552 876 55 30<\/p>\n<\/div><\/div><\/div><div class=\"w-separator size_custom\" style=\"height:5px\"><\/div><div class=\"w-iconbox iconpos_left style_default color_custom align_left no_title\"><div class=\"w-iconbox-icon\" style=\"font-size:24px;--icon-color:#001e82;\"><i class=\"far fa-fax\"><\/i><\/div><div class=\"w-iconbox-meta\"><div class=\"w-iconbox-text\"><p>+90 312 394 67 93<\/p>\n<\/div><\/div><\/div><div class=\"w-separator size_custom\" style=\"height:5px\"><\/div><div class=\"w-iconbox iconpos_left style_default color_custom align_left no_title\"><a href=\"mailto:info@arsistek.com\" class=\"w-iconbox-link\" aria-label=\"far|envelope\"><div class=\"w-iconbox-icon\" style=\"font-size:24px;--icon-color:#001e82;\"><i class=\"far fa-envelope\"><\/i><\/div><\/a><div class=\"w-iconbox-meta\"><div class=\"w-iconbox-text\"><p><a href=\"mailto:info@arsistek.com\">info@arsistek.com<\/a><\/p>\n<\/div><\/div><\/div><div class=\"w-separator size_custom\" style=\"height:5px\"><\/div><div class=\"w-popup w-btn-wrapper align_none\"><button type=\"button\" aria-label=\"Google Maps\" class=\"w-popup-trigger type_btn w-btn us-btn-style_1 icon_atleft\"><i class=\"fas fa-map-marked-alt\"><\/i><span class=\"w-btn-label\">Google Maps<\/span><\/button><div class=\"w-popup-overlay\" style=\"background:rgba(0,0,0,0.85);\"><\/div><div class=\"w-popup-wrap layout_default\" role=\"dialog\" aria-modal=\"true\" aria-label=\"Google Maps\" style=\"--title-color:var(--color-content-heading);--title-bg-color:var(--color-content-bg-alt);--content-color:var(--color-content-text);--content-bg-color:var(--color-content-bg);--popup-width:1000px;--popup-padding:5%;\"><button aria-label=\"\u0417\u0430\u043a\u0440\u044b\u0442\u044c\" class=\"w-popup-closer\" type=\"button\"><\/button><div class=\"w-popup-box animation_scaleUp closerpos_outside with_title\"><div class=\"w-popup-box-h\"><div class=\"w-popup-box-title\">Google Maps &#8211; Fabrika<\/div><div class=\"w-popup-box-content\"><p><iframe loading=\"lazy\" style=\"border: 0;\" src=\"https:\/\/www.google.com\/maps\/embed?pb=!1m18!1m12!1m3!1d3065.497941499625!2d32.381275175496135!3d39.79582109319667!2m3!1f0!2f0!3f0!3m2!1i1024!2i768!4f13.1!3m3!1m2!1s0x14d34a23e22e7ef3%3A0x55c102e248e5ab2e!2sANMEKSAN%20ARITMA%20A.%C5%9E!5e0!3m2!1str!2str!4v1759681810386!5m2!1str!2str\" width=\"1000\" height=\"450\" allowfullscreen=\"allowfullscreen\"><\/iframe><\/p>\n<\/div><\/div><\/div><\/div><\/div><\/div><\/div><div class=\"wpb_column vc_column_container\"><div class=\"vc_column-inner\"><div class=\"g-cols wpb_row us_custom_ce9ade6a via_grid cols_1 laptops-cols_inherit tablets-cols_inherit mobiles-cols_1 valign_top type_default stacking_default\" style=\"--columns-gap:3rem;\"><div class=\"wpb_column vc_column_container\"><div class=\"vc_column-overlay\" style=\"background:#e0e0e0\"><\/div><div class=\"vc_column-inner\"><div class=\"w-separator size_custom\" style=\"height:5px\"><\/div><div class=\"w-iconbox us_custom_87588e50 iconpos_left style_default color_primary align_left no_text icontype_img\"><div class=\"w-iconbox-icon\" style=\"font-size:30px;\"><img loading=\"lazy\" decoding=\"async\" width=\"30\" height=\"19\" src=\"https:\/\/arsistek.net\/wp-content\/uploads\/2025\/08\/turkey-flag.webp\" class=\"attachment-full size-full\" alt=\"T\u00fcrkiye Bayrak\" srcset=\"https:\/\/arsistek.net\/wp-content\/uploads\/2025\/08\/turkey-flag.webp 30w, https:\/\/arsistek.net\/wp-content\/uploads\/2025\/08\/turkey-flag-18x12.webp 18w\" sizes=\"auto, (max-width: 30px) 100vw, 30px\" \/><\/div><div class=\"w-iconbox-meta\"><h4 class=\"w-iconbox-title\" style=\"font-size:20px;\">\u0130LET\u0130\u015e\u0130M FORMU<\/h4><\/div><\/div><div class=\"w-separator size_custom\" style=\"height:5px\"><\/div><\/div><\/div><\/div><div class=\"w-separator size_small\"><\/div><div class=\"wpb_text_column\"><div class=\"wpb_wrapper\"><p><span>Teklif, G\u00f6r\u00fc\u015f ve Destek talepleriniz i\u00e7in bizlere a\u015fa\u011f\u0131da bulunan ileti\u015fim formundan\u00a07\/24 ula\u015fabilirsiniz.<\/span><\/p>\n<\/div><\/div><div class=\"w-separator size_small\"><\/div><form class=\"w-form  us-field-style_1 layout_ver show_message_after_sending for_cform us_form_1\" action=\"https:\/\/arsistek.net\/ru\/ru\/wp-json\/wp\/v2\/pages\/1437\" method=\"post\" data-trp-original-action=\"https:\/\/arsistek.net\/ru\/ru\/wp-json\/wp\/v2\/pages\/1437\"><div class=\"w-form-h\"><div class=\"w-form-row for_text has_label required with_icon\">\r\n\t\t\t<div class=\"w-form-row-label\">\r\n\t\t\t<span>ADINIZ VE SOYADINIZ *<\/span>\r\n\t\t<\/div>\r\n\t\t<div class=\"w-form-row-field\">\r\n\t\t\t\t<i class=\"far fa-user\"><\/i>\t\t<input aria-label=\"ADINIZ VE SOYADINIZ\" type=\"text\" name=\"us_form_1_text_1\" value placeholder=\"Ad\u0131n\u0131z ve Soyad\u0131n\u0131z\" data-required=\"true\" aria-required=\"true\"\/>\r\n\t\t\t<\/div>\r\n\t\t<div class=\"w-form-row-state\">\u0417\u0430\u043f\u043e\u043b\u043d\u0438\u0442\u0435 \u043f\u043e\u043b\u0435<\/div>\r\n<\/div>\r\n<div class=\"w-form-row for_text has_label required with_icon\">\r\n\t\t\t<div class=\"w-form-row-label\">\r\n\t\t\t<span>E-POSTA ADRES\u0130 *<\/span>\r\n\t\t<\/div>\r\n\t\t<div class=\"w-form-row-field\">\r\n\t\t\t\t<i class=\"far fa-envelope\"><\/i>\t\t<input aria-label=\"E-POSTA ADRES\u0130\" type=\"text\" name=\"us_form_1_text_2\" value placeholder=\"L\u00fctfen Kurumsal E-Posta Adresinizi Yaz\u0131n\u0131z !\" data-required=\"true\" aria-required=\"true\"\/>\r\n\t\t\t<\/div>\r\n\t\t<div class=\"w-form-row-state\">\u0417\u0430\u043f\u043e\u043b\u043d\u0438\u0442\u0435 \u043f\u043e\u043b\u0435<\/div>\r\n<\/div>\r\n<div class=\"w-form-row for_text has_label required with_icon\">\r\n\t\t\t<div class=\"w-form-row-label\">\r\n\t\t\t<span>TELEFON NUMARINIZ *<\/span>\r\n\t\t<\/div>\r\n\t\t<div class=\"w-form-row-field\">\r\n\t\t\t\t<i class=\"far fa-phone\"><\/i>\t\t<input aria-label=\"TELEFON NUMARINIZ\" inputmode=\"tel\" type=\"text\" name=\"us_form_1_text_3\" value placeholder=\"Mobil veya Sabit \u0130leti\u015fim Numaras\u0131 !\" data-required=\"true\" aria-required=\"true\"\/>\r\n\t\t\t<\/div>\r\n\t\t<div class=\"w-form-row-state\">\u0417\u0430\u043f\u043e\u043b\u043d\u0438\u0442\u0435 \u043f\u043e\u043b\u0435<\/div>\r\n<\/div>\r\n<div class=\"w-form-row for_textarea has_label required with_icon\">\r\n\t\t\t<div class=\"w-form-row-label\">\r\n\t\t\t<span>MESAJINIZ *<\/span>\r\n\t\t<\/div>\r\n\t\t<div class=\"w-form-row-field\">\r\n\t\t\t\t<i class=\"far fa-pencil\"><\/i>\t\t<textarea aria-label=\"MESAJINIZ\" name=\"us_form_1_textarea_1\" placeholder=\"Bize \u0130letmek \u0130stedi\u011finiz \u0130\u00e7eri\u011fi Yaz\u0131n\u0131z !\" data-required=\"true\" aria-required=\"true\"><\/textarea>\r\n\t\t\t<\/div>\r\n\t\t<div class=\"w-form-row-state\">\u0417\u0430\u043f\u043e\u043b\u043d\u0438\u0442\u0435 \u043f\u043e\u043b\u0435<\/div>\r\n<\/div>\r\n<div class=\"w-form-row for_captcha required\">\r\n\t<div class=\"w-form-row-label\">\r\n\t\t<span> <span>18 + 3 = ?<\/span><\/span>\r\n\t<\/div>\r\n\t<div class=\"w-form-row-field\">\r\n\t\t\t\t<input type=\"hidden\" name=\"us_form_1_captcha_1_hash\" value=\"f1fa8b2129572b6e403dab95e890566c\" \/>\r\n\t\t\t\t<input aria-label=\"us_form_1_captcha_1\" type=\"text\" name=\"us_form_1_captcha_1\" placeholder data-required=\"true\" aria-required=\"true\"\/>\r\n\t\t\t<\/div>\r\n\t\t\t<div class=\"w-form-row-description\">\r\n\t\t\tL\u00fctfen Yukar\u0131daki Sonucu Yaz\u0131n ve Bize G\u00f6nderin !\t\t<\/div>\r\n\t\t<div class=\"w-form-row-state\">\u0412\u0432\u0435\u0434\u0438\u0442\u0435 \u0440\u0435\u0437\u0443\u043b\u044c\u0442\u0430\u0442 \u0443\u0440\u0430\u0432\u043d\u0435\u043d\u0438\u044f \u0434\u043b\u044f \u043f\u0440\u043e\u0434\u043e\u043b\u0436\u0435\u043d\u0438\u044f<\/div>\r\n<\/div>\r\n<input type=\"hidden\" name=\"action\" value=\"us_ajax_cform\" \/>\r\n<input type=\"hidden\" name=\"post_id\" value=\"0\" \/>\r\n<input type=\"hidden\" name=\"form_index\" value=\"1\" \/>\r\n<div class=\"w-form-row for_submit align_none\">\r\n\t<button class=\"w-btn icon_atright us-btn-style_1\" aria-label=\"Mesaj\u0131 G\u00f6nder\" type=\"submit\">\r\n\t\t<span class=\"g-preloader type_1\"><\/span>\r\n\t\t\t\t<span class=\"w-btn-label\">Mesaj\u0131 G\u00f6nder<\/span>\r\n\t\t<i class=\"fas fa-paper-plane\"><\/i>\t<\/button>\r\n\t<\/div>\r\n<\/div><div class=\"w-form-message\"><\/div><div class=\"w-form-json hidden\" onclick='return {&quot;ajaxurl&quot;:&quot;https:\\\/\\\/arsistek.net\\\/wp-admin\\\/admin-ajax.php&quot;,&quot;messages&quot;:{&quot;err_empty&quot;:&quot;\\u0417\\u0430\\u043f\\u043e\\u043b\\u043d\\u0438\\u0442\\u0435 \\u043f\\u043e\\u043b\\u0435&quot;,&quot;err_size&quot;:&quot;\\u0420\\u0430\\u0437\\u043c\\u0435\\u0440 \\u0444\\u0430\\u0439\\u043b\\u0430 \\u043d\\u0435 \\u043c\\u043e\\u0436\\u0435\\u0442 \\u043f\\u0440\\u0435\\u0432\\u044b\\u0448\\u0430\\u0442\\u044c %s \\u041c\\u0411&quot;,&quot;err_extension&quot;:&quot;%s \\u043d\\u0435\\u0434\\u043e\\u043f\\u0443\\u0441\\u0442\\u0438\\u043c\\u044b\\u0439 \\u0442\\u0438\\u043f \\u0444\\u0430\\u0439\\u043b\\u0430&quot;,&quot;err_recaptcha_keys&quot;:&quot;\\u041d\\u0435\\u043a\\u043e\\u0440\\u0440\\u0435\\u043a\\u0442\\u043d\\u044b\\u0435 \\u043a\\u043b\\u044e\\u0447\\u0438 reCAPTCHA&quot;}}'><\/div><input type=\"hidden\" name=\"trp-form-language\" value=\"ru\"\/><\/form><div class=\"w-separator size_small\"><\/div><\/div><\/div><\/div><\/div><\/section>","protected":false},"excerpt":{"rendered":"Bizimle ileti\u015fime ge\u00e7in ! \u00dczerinde \u00e7al\u0131\u015ft\u0131\u011f\u0131m\u0131z her projeye ki\u015fisel ve etkili bir yakla\u015f\u0131m getiriyoruz. GENEL M\u00dcD\u00dcRL\u00dcK\u0130vedik Organize Sanayi B\u00f6lgesi 1122 Cadde, Maxivedik Plaza No: 20\/2 Yenimahalle \/ Ankara \/ T\u00fcrkiye +90 312 394 67 92 - Mobile : +90 552 876 55 30 +90 312 394 67 93 info@arsistek.com arsistek@hs01.kep.tr (Kep Adresi) Google MapsGoogle Maps...","protected":false},"author":1,"featured_media":0,"parent":0,"menu_order":0,"comment_status":"closed","ping_status":"closed","template":"","meta":{"footnotes":""},"class_list":["post-1437","page","type-page","status-publish","hentry"],"_links":{"self":[{"href":"https:\/\/arsistek.net\/ru\/wp-json\/wp\/v2\/pages\/1437","targetHints":{"allow":["GET"]}}],"collection":[{"href":"https:\/\/arsistek.net\/ru\/wp-json\/wp\/v2\/pages"}],"about":[{"href":"https:\/\/arsistek.net\/ru\/wp-json\/wp\/v2\/types\/page"}],"author":[{"embeddable":true,"href":"https:\/\/arsistek.net\/ru\/wp-json\/wp\/v2\/users\/1"}],"replies":[{"embeddable":true,"href":"https:\/\/arsistek.net\/ru\/wp-json\/wp\/v2\/comments?post=1437"}],"version-history":[{"count":82,"href":"https:\/\/arsistek.net\/ru\/wp-json\/wp\/v2\/pages\/1437\/revisions"}],"predecessor-version":[{"id":10057,"href":"https:\/\/arsistek.net\/ru\/wp-json\/wp\/v2\/pages\/1437\/revisions\/10057"}],"wp:attachment":[{"href":"https:\/\/arsistek.net\/ru\/wp-json\/wp\/v2\/media?parent=1437"}],"curies":[{"name":"wp","href":"https:\/\/api.w.org\/{rel}","templated":true}]}}